{"id":5,"date":"2025-08-15T08:14:02","date_gmt":"2025-08-15T08:14:02","guid":{"rendered":"http:\/\/ebpotter.com\/welcome-to-http-ebpotter-com\/"},"modified":"2025-08-15T13:29:47","modified_gmt":"2025-08-15T13:29:47","slug":"welcome-to-http-ebpotter-com","status":"publish","type":"page","link":"https:\/\/ebpotter.com\/sv\/","title":{"rendered":"V\u00e4lkommen till min keramikh\u00f6rna!"},"content":{"rendered":"<p>Jag heter Eva och bor i Stockholm. Jag har l\u00e4nge haft en k\u00e4nsla av att keramik och speciellt drejning skulle vara n\u00e5got f\u00f6r mig. Det tog mig n\u00e4stan 45 \u00e5r i livet att \u00e4ntligen anm\u00e4la mig till en kurs och resten \u00e4r, eller \u00e5tminstone kommer att vara, historia. P\u00e5 dagtid \u00e4r jag projektledare i tv-branschen, och resten av mina vakna timmar p\u00e5 dygnet spenderar jag p\u00e5 att t\u00e4nka p\u00e5, planera f\u00f6r, l\u00e4ra mig om, kn\u00e5da, dreja och bara \u00e4lska lera!<\/p>\n\n\n\n<p>F\u00f6r tillf\u00e4llet f\u00f6rs\u00f6ker jag l\u00e4ra mig allt som finns att l\u00e4ra om lera och bara \u00f6va, \u00f6va, \u00f6va p\u00e5 drejskivan. I framtiden kommer jag f\u00f6rhoppningsvis att l\u00e4gga upp saker h\u00e4r till f\u00f6rs\u00e4ljning s\u00e5 att jag kan forts\u00e4tta finansiera mitt lerberoende. Men f\u00f6r tillf\u00e4llet kommer jag bara dela med mig av mina alster h\u00e4r. <\/p>\n\n\n\n<p>Jag hoppas verkligen att ni gillar vad ni ser. Skriv g\u00e4rna en rad och ber\u00e4tta vad du tycker eller bara s\u00e4g hej!<\/p>\n\n\n\n<p>Ha det b\u00e4st!<\/p>\n\n\n\n<p>\/E<\/p>\n\n\n\n<p>*Sida - och lera - under konstruktion*<\/p>\n\n\n\n<p><\/p>","protected":false},"excerpt":{"rendered":"<p>My name is Eva and I live in Stockholm, Sweden. For a very long time, I have had a hunch that pottery and claywork would be something that was for me. It took me almost 45 years in life to finally sign up for a&nbsp;<a class=\"read-more\" href=\"https:\/\/ebpotter.com\/sv\/\">&hellip;<\/a><\/p>","protected":false},"author":1,"featured_media":0,"parent":0,"menu_order":0,"comment_status":"closed","ping_status":"closed","template":"","meta":{"footnotes":""},"class_list":["post-5","page","type-page","status-publish","hentry"],"jetpack_sharing_enabled":true,"_links":{"self":[{"href":"https:\/\/ebpotter.com\/sv\/wp-json\/wp\/v2\/pages\/5","targetHints":{"allow":["GET"]}}],"collection":[{"href":"https:\/\/ebpotter.com\/sv\/wp-json\/wp\/v2\/pages"}],"about":[{"href":"https:\/\/ebpotter.com\/sv\/wp-json\/wp\/v2\/types\/page"}],"author":[{"embeddable":true,"href":"https:\/\/ebpotter.com\/sv\/wp-json\/wp\/v2\/users\/1"}],"replies":[{"embeddable":true,"href":"https:\/\/ebpotter.com\/sv\/wp-json\/wp\/v2\/comments?post=5"}],"version-history":[{"count":9,"href":"https:\/\/ebpotter.com\/sv\/wp-json\/wp\/v2\/pages\/5\/revisions"}],"predecessor-version":[{"id":133,"href":"https:\/\/ebpotter.com\/sv\/wp-json\/wp\/v2\/pages\/5\/revisions\/133"}],"wp:attachment":[{"href":"https:\/\/ebpotter.com\/sv\/wp-json\/wp\/v2\/media?parent=5"}],"curies":[{"name":"wp","href":"https:\/\/api.w.org\/{rel}","templated":true}]}}